{"id":3,"date":"2025-06-15T13:43:59","date_gmt":"2025-06-15T13:43:59","guid":{"rendered":"https:\/\/extractech.in\/?page_id=3"},"modified":"2025-06-28T04:17:57","modified_gmt":"2025-06-28T04:17:57","slug":"privacy-policy","status":"publish","type":"page","link":"https:\/\/extractech.in\/es\/privacy-policy\/","title":{"rendered":"Pol\u00edtica de privacidad"},"content":{"rendered":"<p>\u00daltima actualizaci\u00f3n: 28\/06\/2025. Esta pol\u00edtica de privacidad es efectiva inmediatamente.<\/p>\n\n\n\n<p>Introducci\u00f3n<\/p>\n\n\n\n<p><strong class=\"privacy-policy-tutorial\"> <\/strong>La direcci\u00f3n de nuestro sitio web es: https:\/\/extractech.in.<\/p>\n\n\n\n<p>En Extrac Tech (la \"Empresa\" o \"Nosotros\"), respetamos su privacidad y nos comprometemos a protegerla mediante el cumplimiento de esta pol\u00edtica.<\/p>\n\n\n\n<p>Esta pol\u00edtica describe los tipos de informaci\u00f3n que podemos recopilar de usted o que usted puede proporcionar cuando visita este sitio web (nuestro \"sitio web\") y nuestras pr\u00e1cticas para recopilar, utilizar, mantener, proteger y divulgar esa informaci\u00f3n.<\/p>\n\n\n\n<p>Esta pol\u00edtica se aplica a la informaci\u00f3n que recopilamos:<\/p>\n\n\n\n<ul class=\"wp-block-list\">\n<li>En este sitio web.<\/li>\n\n\n\n<li>En mensajes de correo electr\u00f3nico, de texto y otros mensajes electr\u00f3nicos entre usted y este sitio web.<\/li>\n\n\n\n<li>A trav\u00e9s de aplicaciones m\u00f3viles y de escritorio que usted descarga de este sitio web, que proporcionan una interacci\u00f3n dedicada no basada en navegador entre usted y este sitio web.<\/li>\n\n\n\n<li>Cuando interact\u00faa con nuestra publicidad y aplicaciones en sitios web y servicios de terceros, si dichas aplicaciones o publicidad incluyen enlaces a esta pol\u00edtica.<\/li>\n<\/ul>\n\n\n\n<p>No se aplica a la informaci\u00f3n recogida por:<\/p>\n\n\n\n<ul class=\"wp-block-list\">\n<li>nosotros fuera de l\u00ednea o a trav\u00e9s de cualquier otro medio, incluido cualquier otro sitio web gestionado por la Empresa o por terceros (incluidas nuestras filiales y subsidiarias); o<\/li>\n\n\n\n<li>cualquier tercero (incluidas nuestras filiales y subsidiarias), incluso a trav\u00e9s de cualquier aplicaci\u00f3n o contenido (incluida la publicidad) que pueda enlazar o ser accesible desde o en el Sitio Web.<\/li>\n<\/ul>\n\n\n\n<p>Lea atentamente esta pol\u00edtica para comprender nuestras pol\u00edticas y pr\u00e1cticas en relaci\u00f3n con su informaci\u00f3n y c\u00f3mo la trataremos. Si no est\u00e1 de acuerdo con nuestras pol\u00edticas y pr\u00e1cticas, puede optar por no utilizar nuestro sitio web. Al acceder o utilizar este sitio web, usted acepta esta pol\u00edtica de privacidad. Esta pol\u00edtica puede cambiar de vez en cuando. Si sigue utilizando este sitio web despu\u00e9s de que hayamos introducido cambios, se considerar\u00e1 que acepta dichos cambios, por lo que le rogamos que compruebe peri\u00f3dicamente la pol\u00edtica para estar al d\u00eda.<\/p>\n\n\n\n<p>Menores de 13 a\u00f1os<\/p>\n\n\n\n<p>Nuestro sitio web no est\u00e1 destinado a ni\u00f1os menores de 13 a\u00f1os. Ning\u00fan menor de 13 a\u00f1os puede proporcionar informaci\u00f3n personal al Sitio Web o en el mismo. No recopilamos conscientemente informaci\u00f3n personal de ni\u00f1os menores de 13 a\u00f1os. Si es menor de 13 a\u00f1os, no utilice ni facilite informaci\u00f3n alguna en este sitio web ni en ninguna de sus funciones, ni se registre en \u00e9l, ni realice compras a trav\u00e9s del sitio web, ni utilice ninguna de las funciones interactivas o de comentario p\u00fablico de este sitio web, ni nos facilite informaci\u00f3n sobre usted, incluidos su nombre, direcci\u00f3n, n\u00famero de tel\u00e9fono, direcci\u00f3n de correo electr\u00f3nico o cualquier nombre de usuario que pueda utilizar. Si nos enteramos de que hemos recopilado o recibido informaci\u00f3n personal de un menor de 13 a\u00f1os sin la verificaci\u00f3n del consentimiento paterno, eliminaremos dicha informaci\u00f3n. Si cree que podemos tener informaci\u00f3n de o sobre un menor de 13 a\u00f1os, p\u00f3ngase en contacto con nosotros a trav\u00e9s de nuestro enlace de contacto.<\/p>\n\n\n\n<p>Informaci\u00f3n que recopilamos sobre usted y c\u00f3mo la recopilamos<\/p>\n\n\n\n<p>Recopilamos varios tipos de informaci\u00f3n de y sobre los usuarios de nuestro sitio web, incluida la informaci\u00f3n:<\/p>\n\n\n\n<ul class=\"wp-block-list\">\n<li>por la que se le pueda identificar personalmente, como nombre, direcci\u00f3n postal, direcci\u00f3n de correo electr\u00f3nico, n\u00famero de tel\u00e9fono o CUALQUIER OTRA INFORMACI\u00d3N QUE EL SITIO WEB RECOJA Y QUE SE DEFINA COMO INFORMACI\u00d3N PERSONAL O PERSONAL IDENTIFICABLE EN VIRTUD DE UNA LEY APLICABLE (\"informaci\u00f3n personal\");<\/li>\n\n\n\n<li>que se refieran a usted pero no le identifiquen individualmente, y\/o<\/li>\n\n\n\n<li>sobre su conexi\u00f3n a Internet, el equipo que utiliza para acceder a nuestro sitio web y los detalles de uso.<\/li>\n<\/ul>\n\n\n\n<p>Recogemos esta informaci\u00f3n:<\/p>\n\n\n\n<ul class=\"wp-block-list\">\n<li>Directamente de usted cuando nos la facilite.<\/li>\n\n\n\n<li>Autom\u00e1ticamente mientras navega por el sitio. La informaci\u00f3n recopilada autom\u00e1ticamente puede incluir detalles de uso, direcciones IP e informaci\u00f3n recopilada a trav\u00e9s de cookies, balizas web y otras tecnolog\u00edas de seguimiento.<\/li>\n\n\n\n<li>De terceros, por ejemplo, nuestros socios comerciales.<\/li>\n<\/ul>\n\n\n\n<p>Informaci\u00f3n que usted nos proporciona.<\/p>\n\n\n\n<p>La informaci\u00f3n que recopilamos en o a trav\u00e9s de nuestro Sitio Web puede incluir:<\/p>\n\n\n\n<ul class=\"wp-block-list\">\n<li>Informaci\u00f3n que usted facilita al rellenar los formularios de nuestro sitio web. Esto incluye la informaci\u00f3n proporcionada en el momento de registrarse para utilizar nuestro sitio web, suscribirse a nuestro servicio, publicar material o solicitar otros servicios. Tambi\u00e9n podemos pedirle informaci\u00f3n cuando nos comunique un problema con nuestro sitio web.<\/li>\n\n\n\n<li>Registros y copias de su correspondencia (incluidas direcciones de correo electr\u00f3nico), si se pone en contacto con nosotros.<\/li>\n\n\n\n<li>Sus respuestas a las encuestas que podamos pedirle con fines de investigaci\u00f3n.<\/li>\n\n\n\n<li>Datos de las transacciones que realice a trav\u00e9s de nuestro Sitio Web y del cumplimiento de sus pedidos. Es posible que se le solicite informaci\u00f3n financiera antes de realizar un pedido a trav\u00e9s de nuestro sitio web.<\/li>\n\n\n\n<li>Sus consultas de b\u00fasqueda en el Sitio web.<\/li>\n<\/ul>\n\n\n\n<p>Usted tambi\u00e9n puede proporcionar informaci\u00f3n para ser publicada o mostrada (en adelante, \"publicada\") en \u00e1reas p\u00fablicas del Sitio Web, o transmitida a otros usuarios del Sitio Web o a terceros (colectivamente, \"Contribuciones de Usuario\"). Usted publica y transmite sus Contribuciones de Usuario a terceros por su cuenta y riesgo. Aunque limitamos el acceso a determinadas p\u00e1ginas y usted puede configurar la privacidad de dicha informaci\u00f3n accediendo al perfil de su cuenta, tenga en cuenta que ninguna medida de seguridad es perfecta o impenetrable. Adem\u00e1s, no podemos controlar las acciones de otros usuarios del Sitio Web con los que usted decida compartir sus Contribuciones de Usuario. Por lo tanto, no podemos garantizar ni garantizamos que sus Contribuciones de Usuario no sean vistas por personas no autorizadas.<\/p>\n\n\n\n<p>Informaci\u00f3n que recopilamos a trav\u00e9s de tecnolog\u00edas de recopilaci\u00f3n autom\u00e1tica de datos.<\/p>\n\n\n\n<p>Mientras navega e interact\u00faa con nuestro Sitio Web, podemos utilizar tecnolog\u00edas autom\u00e1ticas de recogida de datos para recopilar cierta informaci\u00f3n sobre su equipo, acciones de navegaci\u00f3n y patrones, incluyendo:<\/p>\n\n\n\n<ul class=\"wp-block-list\">\n<li>Detalles de sus visitas a nuestro sitio web, incluidos datos de tr\u00e1fico, datos de localizaci\u00f3n y otros datos de comunicaci\u00f3n, as\u00ed como los recursos a los que accede y que utiliza en el sitio web.<\/li>\n\n\n\n<li>Informaci\u00f3n sobre su ordenador y su conexi\u00f3n a Internet, incluida su direcci\u00f3n IP, sistema operativo y tipo de navegador.<\/li>\n<\/ul>\n\n\n\n<p>Tambi\u00e9n podemos utilizar estas tecnolog\u00edas para recopilar informaci\u00f3n sobre sus actividades en l\u00ednea a lo largo del tiempo y a trav\u00e9s de sitios web de terceros u otros servicios en l\u00ednea (seguimiento del comportamiento). La informaci\u00f3n que recopilamos autom\u00e1ticamente son datos estad\u00edsticos y no incluye informaci\u00f3n personal, pero podemos mantenerla o asociarla con informaci\u00f3n personal que recopilemos de otras formas o que recibamos de terceros. Nos ayuda a mejorar nuestro sitio web y a prestar un servicio mejor y m\u00e1s personalizado, permiti\u00e9ndonos, entre otras cosas:<\/p>\n\n\n\n<ul class=\"wp-block-list\">\n<li>Estimar el tama\u00f1o de nuestra audiencia y los patrones de uso.<\/li>\n\n\n\n<li>Almacenar informaci\u00f3n sobre sus preferencias, lo que nos permite personalizar nuestro sitio web de acuerdo con sus intereses individuales.<\/li>\n\n\n\n<li>Acelera tus b\u00fasquedas.<\/li>\n\n\n\n<li>Reconocerle cuando regrese a nuestro sitio web.<\/li>\n<\/ul>\n\n\n\n<p>Las tecnolog\u00edas que utilizamos para esta recogida autom\u00e1tica de datos pueden incluir:<\/p>\n\n\n\n<ul class=\"wp-block-list\">\n<li>Cookies (o cookies del navegador). Una cookie es un peque\u00f1o archivo que se almacena en el disco duro de su ordenador. Puede negarse a aceptar las cookies del navegador activando la configuraci\u00f3n correspondiente en su navegador. No obstante, si selecciona esta configuraci\u00f3n, es posible que no pueda acceder a determinadas partes de nuestro sitio web. A menos que haya ajustado la configuraci\u00f3n de su navegador para que rechace las cookies, nuestro sistema emitir\u00e1 cookies cuando dirija su navegador a nuestro sitio web.<\/li>\n\n\n\n<li>Cookies Flash. Determinadas funciones de nuestro sitio web pueden utilizar objetos locales almacenados (o cookies Flash) para recopilar y almacenar informaci\u00f3n sobre sus preferencias y navegaci\u00f3n hacia, desde y en nuestro sitio web. Las cookies Flash no se gestionan mediante los mismos ajustes del navegador que se utilizan para las cookies del navegador.<\/li>\n\n\n\n<li>Balizas web. Las p\u00e1ginas de nuestro sitio web pueden contener peque\u00f1os archivos electr\u00f3nicos conocidos como \"web beacons\" (tambi\u00e9n denominados \"clear gifs\", \"pixel tags\" y \"single-pixel gifs\") que permiten a la empresa, por ejemplo, contar los usuarios que han visitado esas p\u00e1ginas o han abierto un mensaje de correo electr\u00f3nico y realizar otras estad\u00edsticas relacionadas con el sitio web (por ejemplo, registrar la popularidad de determinados contenidos del sitio web y verificar la integridad del sistema y del servidor).<\/li>\n<\/ul>\n\n\n\n<p>No recopilamos Informaci\u00f3n personal autom\u00e1ticamente, pero podemos vincular esta informaci\u00f3n a la informaci\u00f3n personal sobre usted que recopilamos de otras fuentes o que usted nos proporciona.<\/p>\n\n\n\n<p>Uso de cookies y otras tecnolog\u00edas de seguimiento por parte de terceros.<\/p>\n\n\n\n<p>Algunos contenidos o aplicaciones del sitio web, incluidos los anuncios, son suministrados por terceros, como anunciantes, redes y servidores de anuncios, proveedores de contenidos y proveedores de aplicaciones. Estos terceros pueden utilizar cookies solas o junto con balizas web u otras tecnolog\u00edas de seguimiento para recopilar informaci\u00f3n sobre usted cuando utiliza nuestro sitio web. La informaci\u00f3n que recopilan puede estar asociada a sus datos personales o pueden recopilar informaci\u00f3n, incluida informaci\u00f3n personal, sobre sus actividades en l\u00ednea a lo largo del tiempo y en diferentes sitios web y otros servicios en l\u00ednea. Pueden utilizar esta informaci\u00f3n para ofrecerle publicidad basada en sus intereses (comportamiento) u otros contenidos espec\u00edficos.<\/p>\n\n\n\n<p>No controlamos las tecnolog\u00edas de seguimiento de estos terceros ni el modo en que pueden utilizarse. Si tiene alguna pregunta sobre un anuncio u otro contenido dirigido, debe ponerse en contacto directamente con el proveedor responsable.<\/p>\n\n\n\n<p>C\u00f3mo utilizamos su informaci\u00f3n<\/p>\n\n\n\n<p>Utilizamos la informaci\u00f3n que recopilamos sobre usted o que usted nos proporciona, incluida cualquier informaci\u00f3n personal:<\/p>\n\n\n\n<ul class=\"wp-block-list\">\n<li>Para presentarle nuestro sitio web y su contenido.<\/li>\n\n\n\n<li>Para proporcionarle informaci\u00f3n, productos o servicios que nos solicite.<\/li>\n\n\n\n<li>Proporcionarle informaci\u00f3n sobre nuestros servicios<\/li>\n\n\n\n<li>Para proporcionarle avisos sobre su cuenta\/suscripci\u00f3n, incluidos los avisos de caducidad y renovaci\u00f3n.<\/li>\n\n\n\n<li>Para cumplir nuestras obligaciones y hacer valer nuestros derechos derivados de cualquier contrato celebrado entre usted y nosotros, incluidos los de facturaci\u00f3n y cobro.<\/li>\n\n\n\n<li>Para notificarle cambios en nuestro sitio web o en cualquier producto o servicio que ofrezcamos o prestemos a trav\u00e9s de \u00e9l.<\/li>\n\n\n\n<li>Para permitirle participar en funciones interactivas de nuestro sitio web.<\/li>\n\n\n\n<li>De cualquier otra forma que podamos describir cuando nos facilite la informaci\u00f3n.<\/li>\n\n\n\n<li>Para cumplir cualquier finalidad para la que usted la facilite.<\/li>\n\n\n\n<li>Para cualquier otro fin con su consentimiento.<\/li>\n<\/ul>\n\n\n\n<p>Podemos utilizar la informaci\u00f3n que hemos recopilado sobre usted para mostrar anuncios al p\u00fablico objetivo de nuestros anunciantes. Aunque no revelamos su informaci\u00f3n personal para estos fines sin su consentimiento, si hace clic en un anuncio o interact\u00faa con \u00e9l de otro modo, el anunciante puede suponer que usted cumple sus criterios de selecci\u00f3n.<\/p>\n\n\n\n<p>Divulgaci\u00f3n de sus datos<\/p>\n\n\n\n<p>Podemos divulgar informaci\u00f3n agregada sobre nuestros usuarios e informaci\u00f3n que no identifique a ning\u00fan individuo, sin restricciones.<\/p>\n\n\n\n<p>Podemos divulgar la informaci\u00f3n personal que recopilemos o que usted nos proporcione tal como se describe en esta pol\u00edtica de privacidad:<\/p>\n\n\n\n<ul class=\"wp-block-list\">\n<li>A nuestras filiales y empresas asociadas.<\/li>\n\n\n\n<li>A contratistas, proveedores de servicios y otros terceros que utilizamos para apoyar nuestra actividad y que est\u00e1n obligados por contrato a mantener la confidencialidad de los datos personales y a utilizarlos \u00fanicamente para los fines para los que se los comunicamos.<\/li>\n\n\n\n<li>A un comprador u otro sucesor en caso de fusi\u00f3n, desinversi\u00f3n, reestructuraci\u00f3n, reorganizaci\u00f3n, disoluci\u00f3n u otro tipo de venta o transferencia de algunos o todos los activos de la empresa, ya sea como empresa en funcionamiento o como parte de un procedimiento de quiebra, liquidaci\u00f3n o similar, en el que la informaci\u00f3n personal que posee la empresa sobre los usuarios de nuestro sitio web se encuentre entre los activos transferidos.<\/li>\n\n\n\n<li>A terceros para que comercialicen sus productos o servicios con usted, si usted ha dado su consentimiento para estas divulgaciones. Exigimos contractualmente a estos terceros que mantengan la confidencialidad de la informaci\u00f3n personal y la utilicen \u00fanicamente para los fines para los que se la comunicamos.<\/li>\n\n\n\n<li>Para cumplir la finalidad para la que usted la facilita. Por ejemplo, si nos facilita una direcci\u00f3n de correo electr\u00f3nico para utilizar la funci\u00f3n \"enviar un correo electr\u00f3nico a un amigo\" de nuestro sitio web, transmitiremos el contenido de ese correo electr\u00f3nico y su direcci\u00f3n de correo electr\u00f3nico a los destinatarios.<\/li>\n\n\n\n<li>Para cualquier otro fin que le comuniquemos cuando nos facilite la informaci\u00f3n.<\/li>\n\n\n\n<li>Con su consentimiento.<\/li>\n<\/ul>\n\n\n\n<p>Tambi\u00e9n podemos revelar su informaci\u00f3n personal:<\/p>\n\n\n\n<ul class=\"wp-block-list\">\n<li>Para cumplir cualquier orden judicial, ley o proceso legal, incluida la respuesta a cualquier solicitud gubernamental o reglamentaria.<\/li>\n\n\n\n<li>Para hacer cumplir o aplicar nuestras condiciones de uso y otros acuerdos, incluso con fines de facturaci\u00f3n y cobro.<\/li>\n\n\n\n<li>Si creemos que la divulgaci\u00f3n es necesaria o apropiada para proteger los derechos, la propiedad o la seguridad de la empresa, de nuestros clientes o de terceros. Esto incluye el intercambio de informaci\u00f3n con otras empresas y organizaciones con fines de protecci\u00f3n contra el fraude y la reducci\u00f3n del riesgo de cr\u00e9dito.<\/li>\n<\/ul>\n\n\n\n<p>Opciones sobre c\u00f3mo utilizamos y divulgamos su informaci\u00f3n<\/p>\n\n\n\n<p>Nos esforzamos por ofrecerle opciones en relaci\u00f3n con la informaci\u00f3n personal que nos proporciona. Hemos creado mecanismos para proporcionarle el siguiente control sobre su informaci\u00f3n:<\/p>\n\n\n\n<ul class=\"wp-block-list\">\n<li>Tecnolog\u00edas de seguimiento y publicidad. Puede configurar su navegador para que rechace todas o algunas de las cookies del navegador, o para que le avise cuando se env\u00eden cookies. Para saber c\u00f3mo puede gestionar la configuraci\u00f3n de las cookies de Flash, visite la p\u00e1gina de configuraci\u00f3n del reproductor Flash en el sitio web de Adobe. Si desactiva o rechaza las cookies, tenga en cuenta que algunas partes de este sitio pueden resultar inaccesibles o no funcionar correctamente.<\/li>\n\n\n\n<li>No controlamos la recopilaci\u00f3n o el uso de su informaci\u00f3n por parte de terceros para ofrecer publicidad basada en sus intereses. Sin embargo, estos terceros pueden proporcionarle formas de elegir que su informaci\u00f3n no sea recopilada o utilizada de esta manera. Puede optar por no recibir anuncios dirigidos de miembros de la Network Advertising Initiative (\"NAI\") en el sitio web de la NAI.<\/li>\n<\/ul>\n\n\n\n<p>Acceso y correcci\u00f3n de sus datos<\/p>\n\n\n\n<p>Puede enviarnos un correo electr\u00f3nico a trav\u00e9s de nuestro enlace de contacto para solicitar acceso, corregir o eliminar cualquier informaci\u00f3n personal que nos haya proporcionado. No podemos eliminar su informaci\u00f3n personal excepto si tambi\u00e9n eliminamos su cuenta de usuario. Es posible que no accedamos a una solicitud de cambio de informaci\u00f3n si consideramos que dicho cambio infringir\u00eda alguna ley o requisito legal o provocar\u00eda que la informaci\u00f3n fuera incorrecta.<\/p>\n\n\n\n<p>Si elimina sus Contribuciones de Usuario del Sitio Web, es posible que permanezcan visibles copias de las mismas en p\u00e1ginas almacenadas en cach\u00e9 o archivadas, o que hayan sido copiadas o almacenadas por otros usuarios del Sitio Web. El acceso y uso adecuados de la informaci\u00f3n proporcionada en el sitio web, incluidas las contribuciones de los usuarios, se rige por nuestras condiciones de uso.<\/p>\n\n\n\n<p>Sus derechos de privacidad en California<\/p>\n\n\n\n<p>El art\u00edculo 1798.83 del C\u00f3digo Civil de California permite a los usuarios de nuestro sitio web residentes en California solicitar determinada informaci\u00f3n relativa a la divulgaci\u00f3n de datos personales a terceros con fines de marketing directo. Para realizar dicha solicitud, p\u00f3ngase en contacto con nosotros a trav\u00e9s del enlace Cont\u00e1ctenos.<\/p>\n\n\n\n<p>Seguridad de los datos<\/p>\n\n\n\n<p>Hemos adoptado medidas para proteger sus datos personales de p\u00e9rdidas accidentales y de accesos, usos, alteraciones y divulgaciones no autorizados.<\/p>\n\n\n\n<p>La seguridad de su informaci\u00f3n tambi\u00e9n depende de usted. Cuando le hayamos dado (o usted haya elegido) una contrase\u00f1a para acceder a determinadas partes de nuestro sitio web, usted es responsable de mantener la confidencialidad de dicha contrase\u00f1a. Le rogamos que no comparta su contrase\u00f1a con nadie.<\/p>\n\n\n\n<p>Lamentablemente, la transmisi\u00f3n de informaci\u00f3n a trav\u00e9s de Internet no es completamente segura. Aunque hacemos todo lo posible para proteger su informaci\u00f3n personal, no podemos garantizar la seguridad de la informaci\u00f3n personal transmitida a nuestro sitio web. Cualquier transmisi\u00f3n de informaci\u00f3n personal es bajo su propio riesgo. No nos hacemos responsables de la elusi\u00f3n de cualquier configuraci\u00f3n de privacidad o medidas de seguridad contenidas en el Sitio Web.<\/p>\n\n\n\n<p>Cambios en nuestra pol\u00edtica de privacidad<\/p>\n\n\n\n<p>Nuestra pol\u00edtica es publicar en esta p\u00e1gina cualquier cambio que realicemos en nuestra pol\u00edtica de privacidad. Si introducimos cambios sustanciales en el tratamiento de los datos personales de nuestros usuarios, se lo notificaremos por correo electr\u00f3nico a la direcci\u00f3n especificada en su cuenta y\/o mediante un aviso en la p\u00e1gina de inicio del sitio web. La fecha de la \u00faltima revisi\u00f3n de la pol\u00edtica de privacidad figura en la parte superior de la p\u00e1gina. Usted es responsable de asegurarse de que tenemos una direcci\u00f3n de correo electr\u00f3nico actualizada y activa, y de visitar peri\u00f3dicamente nuestro sitio web y esta pol\u00edtica de privacidad para comprobar si se han producido cambios.<\/p>\n\n\n\n<p>Informaci\u00f3n de contacto<\/p>\n\n\n\n<p>Para hacer preguntas o comentarios sobre esta pol\u00edtica de privacidad y nuestras pr\u00e1cticas de privacidad, p\u00f3ngase en contacto a trav\u00e9s de nuestro\u00a0<a href=\"https:\/\/extractech.in\/es\/\" data-type=\"page\" data-id=\"293\">Contacte con nosotros<\/a>\u00a0enlace.<\/p>\n\n\n\n<p>Gracias por visitar el sitio web.<\/p>\n\n\n\n<p><\/p>","protected":false},"excerpt":{"rendered":"<p>Last Updated on 6\/28\/2025. This privacy policy is effective immediately. Introduction Our website address is: https:\/\/extractech.in. At Extrac Tech (the &#8220;Company&#8221; or &#8220;We&#8221;), we respect your privacy and are committed to protecting it through our compliance with this policy. This policy describes the types of information we may collect from you or that you may [&hellip;]<\/p>","protected":false},"author":1,"featured_media":0,"parent":0,"menu_order":0,"comment_status":"closed","ping_status":"open","template":"","meta":{"footnotes":""},"class_list":["post-3","page","type-page","status-publish","hentry"],"_links":{"self":[{"href":"https:\/\/extractech.in\/es\/wp-json\/wp\/v2\/pages\/3","targetHints":{"allow":["GET"]}}],"collection":[{"href":"https:\/\/extractech.in\/es\/wp-json\/wp\/v2\/pages"}],"about":[{"href":"https:\/\/extractech.in\/es\/wp-json\/wp\/v2\/types\/page"}],"author":[{"embeddable":true,"href":"https:\/\/extractech.in\/es\/wp-json\/wp\/v2\/users\/1"}],"replies":[{"embeddable":true,"href":"https:\/\/extractech.in\/es\/wp-json\/wp\/v2\/comments?post=3"}],"version-history":[{"count":0,"href":"https:\/\/extractech.in\/es\/wp-json\/wp\/v2\/pages\/3\/revisions"}],"wp:attachment":[{"href":"https:\/\/extractech.in\/es\/wp-json\/wp\/v2\/media?parent=3"}],"curies":[{"name":"wp","href":"https:\/\/api.w.org\/{rel}","templated":true}]}}