{"id":3,"date":"2025-06-15T13:43:59","date_gmt":"2025-06-15T13:43:59","guid":{"rendered":"https:\/\/extractech.in\/?page_id=3"},"modified":"2025-06-28T04:17:57","modified_gmt":"2025-06-28T04:17:57","slug":"privacy-policy","status":"publish","type":"page","link":"https:\/\/extractech.in\/fr\/privacy-policy\/","title":{"rendered":"Politique de confidentialit\u00e9"},"content":{"rendered":"<p>Derni\u00e8re mise \u00e0 jour le 28\/6\/2025. Cette politique de confidentialit\u00e9 entre en vigueur imm\u00e9diatement.<\/p>\n\n\n\n<p>Introduction<\/p>\n\n\n\n<p><strong class=\"privacy-policy-tutorial\"> <\/strong>L'adresse de notre site web est la suivante : https:\/\/extractech.in.<\/p>\n\n\n\n<p>Chez Extrac Tech (la \"soci\u00e9t\u00e9\" ou \"nous\"), nous respectons votre vie priv\u00e9e et nous nous engageons \u00e0 la prot\u00e9ger en nous conformant \u00e0 la pr\u00e9sente politique.<\/p>\n\n\n\n<p>La pr\u00e9sente politique d\u00e9crit les types d'informations que nous pouvons recueillir aupr\u00e8s de vous ou que vous pouvez fournir lorsque vous visitez ce site web (notre \"site web\") et nos pratiques en mati\u00e8re de collecte, d'utilisation, de conservation, de protection et de divulgation de ces informations.<\/p>\n\n\n\n<p>Cette politique s'applique aux informations que nous recueillons :<\/p>\n\n\n\n<ul class=\"wp-block-list\">\n<li>Sur ce site web.<\/li>\n\n\n\n<li>dans les courriers \u00e9lectroniques, les textes et autres messages \u00e9lectroniques \u00e9chang\u00e9s entre vous et ce site web.<\/li>\n\n\n\n<li>Par le biais d'applications mobiles et de bureau que vous t\u00e9l\u00e9chargez \u00e0 partir de ce site web, qui fournissent une interaction d\u00e9di\u00e9e non bas\u00e9e sur un navigateur entre vous et ce site web.<\/li>\n\n\n\n<li>lorsque vous interagissez avec nos publicit\u00e9s et applications sur des sites web et services de tiers, si ces applications ou publicit\u00e9s incluent des liens vers la pr\u00e9sente politique.<\/li>\n<\/ul>\n\n\n\n<p>Elle ne s'applique pas aux informations collect\u00e9es par :<\/p>\n\n\n\n<ul class=\"wp-block-list\">\n<li>nous hors ligne ou par tout autre moyen, y compris sur tout autre site web exploit\u00e9 par la Soci\u00e9t\u00e9 ou par un tiers (y compris nos soci\u00e9t\u00e9s affili\u00e9es et nos filiales) ; ou<\/li>\n\n\n\n<li>tout tiers (y compris nos affili\u00e9s et filiales), y compris par le biais de toute application ou contenu (y compris la publicit\u00e9) qui peut \u00eatre li\u00e9 ou accessible \u00e0 partir de ou sur le site Web.<\/li>\n<\/ul>\n\n\n\n<p>Veuillez lire attentivement la pr\u00e9sente politique pour comprendre nos politiques et pratiques concernant vos informations et la mani\u00e8re dont nous les traiterons. Si vous n'\u00eates pas d'accord avec nos politiques et pratiques, vous pouvez choisir de ne pas utiliser notre site web. En acc\u00e9dant \u00e0 ce site web ou en l'utilisant, vous acceptez la pr\u00e9sente politique de confidentialit\u00e9. Cette politique peut \u00eatre modifi\u00e9e de temps \u00e0 autre. Si vous continuez \u00e0 utiliser ce site web apr\u00e8s que nous y ayons apport\u00e9 des modifications, vous serez r\u00e9put\u00e9 avoir accept\u00e9 ces modifications ; nous vous invitons donc \u00e0 consulter r\u00e9guli\u00e8rement la politique pour prendre connaissance des mises \u00e0 jour.<\/p>\n\n\n\n<p>Enfants de moins de 13 ans<\/p>\n\n\n\n<p>Notre site web n'est pas destin\u00e9 aux enfants de moins de 13 ans. Aucune personne \u00e2g\u00e9e de moins de 13 ans ne peut fournir d'informations personnelles au site web ou sur le site web. Nous ne recueillons pas sciemment d'informations personnelles aupr\u00e8s d'enfants de moins de 13 ans. Si vous avez moins de 13 ans, n'utilisez pas et ne fournissez pas d'informations sur ce site web ou sur ou par l'interm\u00e9diaire de l'une de ses fonctions, ne vous inscrivez pas sur le site web, n'effectuez pas d'achats sur le site web, n'utilisez pas les fonctions interactives ou de commentaires publics de ce site web et ne nous fournissez pas d'informations vous concernant, y compris votre nom, votre adresse, votre num\u00e9ro de t\u00e9l\u00e9phone, votre adresse \u00e9lectronique ou tout nom d'\u00e9cran ou nom d'utilisateur que vous pourriez utiliser. Si nous apprenons que nous avons recueilli ou re\u00e7u des informations personnelles d'un enfant de moins de 13 ans sans v\u00e9rification du consentement parental, nous supprimerons ces informations. Si vous pensez que nous d\u00e9tenons des informations sur un enfant de moins de 13 ans, veuillez nous contacter en cliquant sur le lien \"Contactez-nous\".<\/p>\n\n\n\n<p>Informations que nous recueillons sur vous et comment nous les recueillons<\/p>\n\n\n\n<p>Nous recueillons plusieurs types d'informations aupr\u00e8s des utilisateurs de notre site web et \u00e0 leur sujet, y compris des informations :<\/p>\n\n\n\n<ul class=\"wp-block-list\">\n<li>par lesquelles vous pouvez \u00eatre personnellement identifi\u00e9, telles que le nom, l'adresse postale, l'adresse \u00e9lectronique, le num\u00e9ro de t\u00e9l\u00e9phone ou TOUTE AUTRE INFORMATION COLLECTE PAR LE SITE WEB ET D\u00c9FINIE COMME INFORMATION PERSONNELLE OU PERSONNELLEMENT IDENTIFIABLE EN VERTU D'UNE LOI APPLICABLE (\"informations personnelles\") ;<\/li>\n\n\n\n<li>qui vous concernent mais ne vous identifient pas individuellement, et\/ou<\/li>\n\n\n\n<li>sur votre connexion internet, l'\u00e9quipement que vous utilisez pour acc\u00e9der \u00e0 notre site web et les d\u00e9tails de votre utilisation.<\/li>\n<\/ul>\n\n\n\n<p>Nous recueillons ces informations :<\/p>\n\n\n\n<ul class=\"wp-block-list\">\n<li>directement aupr\u00e8s de vous lorsque vous nous les fournissez.<\/li>\n\n\n\n<li>Automatiquement, lorsque vous naviguez sur le site. Les informations collect\u00e9es automatiquement peuvent inclure des d\u00e9tails d'utilisation, des adresses IP et des informations collect\u00e9es par le biais de cookies, de balises web et d'autres technologies de suivi.<\/li>\n\n\n\n<li>De la part de tiers, par exemple nos partenaires commerciaux.<\/li>\n<\/ul>\n\n\n\n<p>Informations que vous nous fournissez.<\/p>\n\n\n\n<p>Les informations que nous recueillons sur ou par l'interm\u00e9diaire de notre site web peuvent inclure :<\/p>\n\n\n\n<ul class=\"wp-block-list\">\n<li>Les informations que vous fournissez en remplissant des formulaires sur notre site web. Il s'agit notamment des informations fournies au moment de l'inscription pour utiliser notre site web, de l'abonnement \u00e0 notre service, de la publication de mat\u00e9riel ou de la demande d'autres services. Nous pouvons \u00e9galement vous demander des informations lorsque vous signalez un probl\u00e8me sur notre site web.<\/li>\n\n\n\n<li>Les enregistrements et les copies de votre correspondance (y compris les adresses \u00e9lectroniques), si vous nous contactez.<\/li>\n\n\n\n<li>Vos r\u00e9ponses aux enqu\u00eates que nous pourrions vous demander de remplir \u00e0 des fins de recherche.<\/li>\n\n\n\n<li>les d\u00e9tails des transactions que vous effectuez sur notre site web et de l'ex\u00e9cution de vos commandes. Il peut vous \u00eatre demand\u00e9 de fournir des informations financi\u00e8res avant de passer une commande sur notre site web.<\/li>\n\n\n\n<li>Vos recherches sur le site web.<\/li>\n<\/ul>\n\n\n\n<p>Vous pouvez \u00e9galement fournir des informations destin\u00e9es \u00e0 \u00eatre publi\u00e9es ou affich\u00e9es (ci-apr\u00e8s \"affich\u00e9es\") dans des zones publiques du site web, ou transmises \u00e0 d'autres utilisateurs du site web ou \u00e0 des tiers (collectivement, les \"contributions de l'utilisateur\"). Vos contributions d'utilisateur sont publi\u00e9es et transmises \u00e0 d'autres \u00e0 vos propres risques. Bien que nous limitions l'acc\u00e8s \u00e0 certaines pages\/vous puissiez d\u00e9finir certains param\u00e8tres de confidentialit\u00e9 pour ces informations en vous connectant au profil de votre compte, sachez qu'aucune mesure de s\u00e9curit\u00e9 n'est parfaite ou imp\u00e9n\u00e9trable. En outre, nous ne pouvons pas contr\u00f4ler les actions des autres utilisateurs du site web avec lesquels vous pouvez choisir de partager vos contributions d'utilisateur. Par cons\u00e9quent, nous ne pouvons pas garantir et ne garantissons pas que vos contributions d'utilisateur ne seront pas consult\u00e9es par des personnes non autoris\u00e9es.<\/p>\n\n\n\n<p>Les informations que nous recueillons par le biais de technologies de collecte automatique de donn\u00e9es.<\/p>\n\n\n\n<p>Lorsque vous naviguez et interagissez avec notre site web, nous pouvons utiliser des technologies de collecte automatique de donn\u00e9es pour recueillir certaines informations sur votre \u00e9quipement, vos actions et habitudes de navigation, y compris :<\/p>\n\n\n\n<ul class=\"wp-block-list\">\n<li>Les d\u00e9tails de vos visites sur notre site web, y compris les donn\u00e9es de trafic, les donn\u00e9es de localisation et autres donn\u00e9es de communication, ainsi que les ressources auxquelles vous acc\u00e9dez et que vous utilisez sur le site web.<\/li>\n\n\n\n<li>Des informations sur votre ordinateur et votre connexion internet, y compris votre adresse IP, votre syst\u00e8me d'exploitation et votre type de navigateur.<\/li>\n<\/ul>\n\n\n\n<p>Nous pouvons \u00e9galement utiliser ces technologies pour collecter des informations sur vos activit\u00e9s en ligne au fil du temps et sur les sites web de tiers ou d'autres services en ligne (suivi comportemental). Les informations que nous collectons automatiquement sont des donn\u00e9es statistiques et ne comprennent pas d'informations personnelles, mais nous pouvons les conserver ou les associer \u00e0 des informations personnelles que nous collectons par d'autres moyens ou que nous recevons de tiers. Elles nous aident \u00e0 am\u00e9liorer notre site web et \u00e0 fournir un service meilleur et plus personnalis\u00e9, notamment en nous permettant de :<\/p>\n\n\n\n<ul class=\"wp-block-list\">\n<li>Estimer la taille de notre public et ses habitudes d'utilisation.<\/li>\n\n\n\n<li>Stocker des informations sur vos pr\u00e9f\u00e9rences, ce qui nous permet de personnaliser notre site Web en fonction de vos int\u00e9r\u00eats personnels.<\/li>\n\n\n\n<li>Acc\u00e9l\u00e9rez vos recherches.<\/li>\n\n\n\n<li>vous reconna\u00eetre lorsque vous revenez sur notre site web.<\/li>\n<\/ul>\n\n\n\n<p>Les technologies que nous utilisons pour cette collecte automatique de donn\u00e9es peuvent \u00eatre les suivantes :<\/p>\n\n\n\n<ul class=\"wp-block-list\">\n<li>Cookies (ou t\u00e9moins de connexion). Un cookie est un petit fichier plac\u00e9 sur le disque dur de votre ordinateur. Vous pouvez refuser d'accepter les cookies de navigation en activant les param\u00e8tres appropri\u00e9s de votre navigateur. Toutefois, si vous choisissez ce param\u00e8tre, il se peut que vous ne puissiez pas acc\u00e9der \u00e0 certaines parties de notre site web. \u00c0 moins que vous n'ayez modifi\u00e9 les param\u00e8tres de votre navigateur pour qu'il refuse les cookies, notre syst\u00e8me \u00e9mettra des cookies lorsque vous dirigerez votre navigateur vers notre site web.<\/li>\n\n\n\n<li>Cookies Flash. Certaines fonctionnalit\u00e9s de notre site web peuvent utiliser des objets stock\u00e9s localement (ou cookies Flash) pour collecter et stocker des informations sur vos pr\u00e9f\u00e9rences et votre navigation vers, depuis et sur notre site web. Les cookies Flash ne sont pas g\u00e9r\u00e9s par les m\u00eames param\u00e8tres que ceux utilis\u00e9s pour les cookies de navigateur.<\/li>\n\n\n\n<li>Balises Web. Les pages de notre site web peuvent contenir de petits fichiers \u00e9lectroniques connus sous le nom de balises web (\u00e9galement appel\u00e9es \"clear gifs\", \"pixel tags\" et \"single-pixel gifs\") qui permettent \u00e0 la soci\u00e9t\u00e9, par exemple, de compter les utilisateurs qui ont visit\u00e9 ces pages ou ouvert un courrier \u00e9lectronique et d'\u00e9tablir d'autres statistiques li\u00e9es au site web (par exemple, enregistrer la popularit\u00e9 de certains contenus du site web et v\u00e9rifier l'int\u00e9grit\u00e9 du syst\u00e8me et du serveur).<\/li>\n<\/ul>\n\n\n\n<p>Nous ne recueillons pas d'informations personnelles automatiquement, mais nous pouvons les associer \u00e0 des informations personnelles vous concernant que nous recueillons aupr\u00e8s d'autres sources ou que vous nous fournissez.<\/p>\n\n\n\n<p>Utilisation de cookies et d'autres technologies de suivi par des tiers.<\/p>\n\n\n\n<p>Certains contenus ou applications, y compris les publicit\u00e9s, sur le site web sont diffus\u00e9s par des tiers, y compris des annonceurs, des r\u00e9seaux et serveurs publicitaires, des fournisseurs de contenu et des fournisseurs d'applications. Ces tiers peuvent utiliser des cookies seuls ou en association avec des balises web ou d'autres technologies de suivi pour collecter des informations vous concernant lorsque vous utilisez notre site web. Les informations qu'ils recueillent peuvent \u00eatre associ\u00e9es \u00e0 vos informations personnelles ou ils peuvent recueillir des informations, y compris des informations personnelles, sur vos activit\u00e9s en ligne au fil du temps et sur diff\u00e9rents sites web et autres services en ligne. Ils peuvent utiliser ces informations pour vous fournir de la publicit\u00e9 bas\u00e9e sur les int\u00e9r\u00eats (comportementale) ou d'autres contenus cibl\u00e9s.<\/p>\n\n\n\n<p>Nous ne contr\u00f4lons pas les technologies de suivi de ces tiers ni la mani\u00e8re dont elles peuvent \u00eatre utilis\u00e9es. Si vous avez des questions concernant une publicit\u00e9 ou un autre contenu cibl\u00e9, vous devez contacter directement le fournisseur responsable.<\/p>\n\n\n\n<p>Comment nous utilisons vos informations<\/p>\n\n\n\n<p>Nous utilisons les informations que nous recueillons \u00e0 votre sujet ou que vous nous fournissez, y compris toute information personnelle :<\/p>\n\n\n\n<ul class=\"wp-block-list\">\n<li>Pour vous pr\u00e9senter notre site web et son contenu.<\/li>\n\n\n\n<li>Pour vous fournir les informations, produits ou services que vous nous demandez.<\/li>\n\n\n\n<li>Pour vous fournir des informations sur nos services<\/li>\n\n\n\n<li>Pour vous fournir des avis concernant votre compte\/abonnement, y compris des avis d'expiration et de renouvellement.<\/li>\n\n\n\n<li>pour remplir nos obligations et faire valoir nos droits d\u00e9coulant de tout contrat conclu entre vous et nous, y compris pour la facturation et le recouvrement.<\/li>\n\n\n\n<li>Pour vous informer des modifications apport\u00e9es \u00e0 notre site web ou \u00e0 tout produit ou service que nous offrons ou fournissons par son interm\u00e9diaire.<\/li>\n\n\n\n<li>Pour vous permettre de participer \u00e0 des fonctions interactives sur notre site web.<\/li>\n\n\n\n<li>De toute autre mani\u00e8re que nous pourrions d\u00e9crire lorsque vous fournissez les informations.<\/li>\n\n\n\n<li>pour r\u00e9pondre \u00e0 toute finalit\u00e9 pour laquelle vous les fournissez.<\/li>\n\n\n\n<li>\u00e0 toute autre fin avec votre consentement.<\/li>\n<\/ul>\n\n\n\n<p>Nous pouvons utiliser les informations que nous avons recueillies aupr\u00e8s de vous pour nous permettre d'afficher des publicit\u00e9s \u00e0 l'intention des publics cibles de nos annonceurs. M\u00eame si nous ne divulguons pas vos informations personnelles \u00e0 ces fins sans votre consentement, si vous cliquez sur une publicit\u00e9 ou interagissez avec elle d'une autre mani\u00e8re, l'annonceur peut supposer que vous r\u00e9pondez \u00e0 ses crit\u00e8res de ciblage.<\/p>\n\n\n\n<p>Divulgation de vos informations<\/p>\n\n\n\n<p>Nous pouvons divulguer sans restriction des informations agr\u00e9g\u00e9es sur nos utilisateurs, ainsi que des informations qui ne permettent pas d'identifier un individu.<\/p>\n\n\n\n<p>Nous pouvons divulguer les informations personnelles que nous recueillons ou que vous nous fournissez comme d\u00e9crit dans la pr\u00e9sente politique de confidentialit\u00e9 :<\/p>\n\n\n\n<ul class=\"wp-block-list\">\n<li>\u00e0 nos filiales et soci\u00e9t\u00e9s affili\u00e9es.<\/li>\n\n\n\n<li>aux contractants, prestataires de services et autres tiers auxquels nous faisons appel pour soutenir nos activit\u00e9s et qui sont li\u00e9s par des obligations contractuelles de garder les informations personnelles confidentielles et de ne les utiliser qu'aux fins pour lesquelles nous les leur avons communiqu\u00e9es.<\/li>\n\n\n\n<li>\u00e0 un acheteur ou autre successeur en cas de fusion, cession, restructuration, r\u00e9organisation, dissolution ou autre vente ou transfert de tout ou partie des actifs de la Soci\u00e9t\u00e9, que ce soit dans le cadre d'une poursuite de l'activit\u00e9 ou d'une faillite, d'une liquidation ou d'une proc\u00e9dure similaire, dans laquelle les informations personnelles d\u00e9tenues par la Soci\u00e9t\u00e9 sur les utilisateurs de notre site Web figurent parmi les actifs transf\u00e9r\u00e9s.<\/li>\n\n\n\n<li>\u00e0 des tiers pour commercialiser leurs produits ou services aupr\u00e8s de vous, si vous avez consenti \u00e0 ces divulgations. Nous exigeons contractuellement de ces tiers qu'ils pr\u00e9servent la confidentialit\u00e9 des informations personnelles et qu'ils ne les utilisent qu'aux fins pour lesquelles nous les leur avons communiqu\u00e9es.<\/li>\n\n\n\n<li>pour r\u00e9pondre \u00e0 l'objectif pour lequel vous l'avez fournie. Par exemple, si vous nous donnez une adresse \u00e9lectronique pour utiliser la fonction \"envoyer un courriel \u00e0 un ami\" de notre site web, nous transmettrons le contenu de ce courriel et votre adresse \u00e9lectronique aux destinataires.<\/li>\n\n\n\n<li>Pour toute autre raison divulgu\u00e9e par nous lorsque vous fournissez les informations.<\/li>\n\n\n\n<li>Avec votre consentement.<\/li>\n<\/ul>\n\n\n\n<p>Nous pouvons \u00e9galement divulguer vos informations personnelles :<\/p>\n\n\n\n<ul class=\"wp-block-list\">\n<li>pour se conformer \u00e0 une d\u00e9cision de justice, \u00e0 une loi ou \u00e0 une proc\u00e9dure judiciaire, y compris pour r\u00e9pondre \u00e0 une demande du gouvernement ou d'un organisme de r\u00e9glementation.<\/li>\n\n\n\n<li>Pour faire respecter ou appliquer nos conditions d'utilisation et autres accords, y compris \u00e0 des fins de facturation et de recouvrement.<\/li>\n\n\n\n<li>Si nous estimons que la divulgation est n\u00e9cessaire ou appropri\u00e9e pour prot\u00e9ger les droits, la propri\u00e9t\u00e9 ou la s\u00e9curit\u00e9 de l'entreprise, de nos clients ou d'autres personnes. Cela inclut l'\u00e9change d'informations avec d'autres soci\u00e9t\u00e9s et organisations \u00e0 des fins de protection contre la fraude et de r\u00e9duction du risque de cr\u00e9dit.<\/li>\n<\/ul>\n\n\n\n<p>Choix concernant l'utilisation et la divulgation de vos informations<\/p>\n\n\n\n<p>Nous nous effor\u00e7ons de vous offrir des choix concernant les informations personnelles que vous nous fournissez. Nous avons cr\u00e9\u00e9 des m\u00e9canismes qui vous permettent de contr\u00f4ler vos informations :<\/p>\n\n\n\n<ul class=\"wp-block-list\">\n<li>Technologies de suivi et publicit\u00e9. Vous pouvez configurer votre navigateur pour qu'il refuse tout ou partie des cookies, ou pour qu'il vous avertisse lorsque des cookies sont envoy\u00e9s. Pour savoir comment g\u00e9rer vos param\u00e8tres de cookies Flash, consultez la page des param\u00e8tres du lecteur Flash sur le site web d'Adobe. Si vous d\u00e9sactivez ou refusez les cookies, veuillez noter que certaines parties de ce site peuvent alors \u00eatre inaccessibles ou ne pas fonctionner correctement.<\/li>\n\n\n\n<li>Nous ne contr\u00f4lons pas la collecte ou l'utilisation de vos informations par des tiers dans le cadre de la publicit\u00e9 bas\u00e9e sur les centres d'int\u00e9r\u00eat. Toutefois, ces tiers peuvent vous proposer des moyens de refuser que vos informations soient collect\u00e9es ou utilis\u00e9es de cette mani\u00e8re. Vous pouvez refuser de recevoir des publicit\u00e9s cibl\u00e9es de la part des membres de la Network Advertising Initiative (\"NAI\") sur le site web de la NAI.<\/li>\n<\/ul>\n\n\n\n<p>Acc\u00e9der \u00e0 vos informations et les corriger<\/p>\n\n\n\n<p>Vous pouvez nous envoyer un e-mail via notre lien de contact pour demander l'acc\u00e8s, la correction ou la suppression de toute information personnelle que vous nous avez fournie. Nous ne pouvons supprimer vos informations personnelles qu'en supprimant \u00e9galement votre compte d'utilisateur. Nous pouvons ne pas acc\u00e9der \u00e0 une demande de modification des informations si nous pensons que la modification violerait une loi ou une exigence l\u00e9gale ou rendrait les informations incorrectes.<\/p>\n\n\n\n<p>Si vous supprimez vos contributions d'utilisateur du site web, des copies de vos contributions d'utilisateur peuvent rester visibles dans les pages mises en cache et archiv\u00e9es, ou peuvent avoir \u00e9t\u00e9 copi\u00e9es ou stock\u00e9es par d'autres utilisateurs du site web. L'acc\u00e8s et l'utilisation appropri\u00e9s des informations fournies sur le site web, y compris les contributions d'utilisateurs, sont r\u00e9gis par nos conditions d'utilisation.<\/p>\n\n\n\n<p>Vos droits en mati\u00e8re de protection de la vie priv\u00e9e en Californie<\/p>\n\n\n\n<p>L'article 1798.83 du code civil californien permet aux utilisateurs de notre site web qui sont des r\u00e9sidents californiens de demander certaines informations concernant la divulgation d'informations personnelles \u00e0 des tiers \u00e0 des fins de marketing direct. Pour faire une telle demande, veuillez nous contacter via le lien Contactez-nous.<\/p>\n\n\n\n<p>S\u00e9curit\u00e9 des donn\u00e9es<\/p>\n\n\n\n<p>Nous avons mis en place des mesures destin\u00e9es \u00e0 prot\u00e9ger vos donn\u00e9es personnelles contre la perte accidentelle et contre l'acc\u00e8s, l'utilisation, l'alt\u00e9ration et la divulgation non autoris\u00e9s.<\/p>\n\n\n\n<p>La s\u00e9curit\u00e9 de vos informations d\u00e9pend \u00e9galement de vous. Lorsque nous vous avons donn\u00e9 (ou lorsque vous avez choisi) un mot de passe pour acc\u00e9der \u00e0 certaines parties de notre site web, vous \u00eates responsable de la confidentialit\u00e9 de ce mot de passe. Nous vous demandons de ne pas partager votre mot de passe avec qui que ce soit.<\/p>\n\n\n\n<p>Malheureusement, la transmission d'informations via l'internet n'est pas totalement s\u00fbre. Bien que nous fassions de notre mieux pour prot\u00e9ger vos informations personnelles, nous ne pouvons pas garantir la s\u00e9curit\u00e9 de vos informations personnelles transmises \u00e0 notre site web. Toute transmission d'informations personnelles se fait \u00e0 vos propres risques. Nous ne sommes pas responsables du contournement des param\u00e8tres de confidentialit\u00e9 ou des mesures de s\u00e9curit\u00e9 contenus sur le site web.<\/p>\n\n\n\n<p>Modifications de notre politique de confidentialit\u00e9<\/p>\n\n\n\n<p>Nous avons pour politique de publier sur cette page toute modification apport\u00e9e \u00e0 notre politique de protection de la vie priv\u00e9e. Si nous apportons des modifications importantes \u00e0 la mani\u00e8re dont nous traitons les informations personnelles de nos utilisateurs, nous vous en informerons par courrier \u00e9lectronique \u00e0 l'adresse sp\u00e9cifi\u00e9e dans votre compte et\/ou par un avis sur la page d'accueil du site web. La date de la derni\u00e8re r\u00e9vision de la politique de confidentialit\u00e9 est indiqu\u00e9e en haut de la page. Il vous incombe de vous assurer que nous disposons d'une adresse \u00e9lectronique active et livrable \u00e0 jour pour vous, et de consulter r\u00e9guli\u00e8rement notre site web et la pr\u00e9sente politique de protection de la vie priv\u00e9e pour v\u00e9rifier si des changements y ont \u00e9t\u00e9 apport\u00e9s.<\/p>\n\n\n\n<p>Informations sur le contact<\/p>\n\n\n\n<p>Pour poser des questions ou faire des commentaires sur la pr\u00e9sente politique de confidentialit\u00e9 et sur nos pratiques en mati\u00e8re de confidentialit\u00e9, contactez-nous par l'interm\u00e9diaire de notre site web.\u00a0<a href=\"https:\/\/extractech.in\/fr\/\" data-type=\"page\" data-id=\"293\">Nous contacter<\/a>\u00a0lien.<\/p>\n\n\n\n<p>Merci d'avoir visit\u00e9 le site.<\/p>\n\n\n\n<p><\/p>","protected":false},"excerpt":{"rendered":"<p>Last Updated on 6\/28\/2025. This privacy policy is effective immediately. Introduction Our website address is: https:\/\/extractech.in. At Extrac Tech (the &#8220;Company&#8221; or &#8220;We&#8221;), we respect your privacy and are committed to protecting it through our compliance with this policy. This policy describes the types of information we may collect from you or that you may [&hellip;]<\/p>","protected":false},"author":1,"featured_media":0,"parent":0,"menu_order":0,"comment_status":"closed","ping_status":"open","template":"","meta":{"footnotes":""},"class_list":["post-3","page","type-page","status-publish","hentry"],"_links":{"self":[{"href":"https:\/\/extractech.in\/fr\/wp-json\/wp\/v2\/pages\/3","targetHints":{"allow":["GET"]}}],"collection":[{"href":"https:\/\/extractech.in\/fr\/wp-json\/wp\/v2\/pages"}],"about":[{"href":"https:\/\/extractech.in\/fr\/wp-json\/wp\/v2\/types\/page"}],"author":[{"embeddable":true,"href":"https:\/\/extractech.in\/fr\/wp-json\/wp\/v2\/users\/1"}],"replies":[{"embeddable":true,"href":"https:\/\/extractech.in\/fr\/wp-json\/wp\/v2\/comments?post=3"}],"version-history":[{"count":0,"href":"https:\/\/extractech.in\/fr\/wp-json\/wp\/v2\/pages\/3\/revisions"}],"wp:attachment":[{"href":"https:\/\/extractech.in\/fr\/wp-json\/wp\/v2\/media?parent=3"}],"curies":[{"name":"wp","href":"https:\/\/api.w.org\/{rel}","templated":true}]}}