{"id":3,"date":"2025-06-15T13:43:59","date_gmt":"2025-06-15T13:43:59","guid":{"rendered":"https:\/\/extractech.in\/?page_id=3"},"modified":"2025-06-28T04:17:57","modified_gmt":"2025-06-28T04:17:57","slug":"privacy-policy","status":"publish","type":"page","link":"https:\/\/extractech.in\/pt\/privacy-policy\/","title":{"rendered":"Pol\u00edtica de privacidade"},"content":{"rendered":"<p>\u00daltima atualiza\u00e7\u00e3o em 28\/06\/2025. Esta pol\u00edtica de privacidade entra em vigor imediatamente.<\/p>\n\n\n\n<p>Introdu\u00e7\u00e3o<\/p>\n\n\n\n<p><strong class=\"privacy-policy-tutorial\"> <\/strong>O endere\u00e7o de nosso site \u00e9: https:\/\/extractech.in.<\/p>\n\n\n\n<p>Na Extrac Tech (a \"Empresa\" ou \"N\u00f3s\"), respeitamos sua privacidade e temos o compromisso de proteg\u00ea-la por meio da conformidade com esta pol\u00edtica.<\/p>\n\n\n\n<p>Esta pol\u00edtica descreve os tipos de informa\u00e7\u00f5es que podemos coletar de voc\u00ea ou que voc\u00ea pode fornecer ao visitar este site (nosso \"Site\") e nossas pr\u00e1ticas de coleta, uso, manuten\u00e7\u00e3o, prote\u00e7\u00e3o e divulga\u00e7\u00e3o dessas informa\u00e7\u00f5es.<\/p>\n\n\n\n<p>Esta pol\u00edtica se aplica \u00e0s informa\u00e7\u00f5es que coletamos:<\/p>\n\n\n\n<ul class=\"wp-block-list\">\n<li>Neste site.<\/li>\n\n\n\n<li>Em e-mails, textos e outras mensagens eletr\u00f4nicas entre voc\u00ea e este Site.<\/li>\n\n\n\n<li>Por meio de aplicativos m\u00f3veis e de desktop que voc\u00ea baixa deste Site, que fornecem intera\u00e7\u00e3o dedicada n\u00e3o baseada em navegador entre voc\u00ea e este Site.<\/li>\n\n\n\n<li>Quando voc\u00ea interage com nossos an\u00fancios e aplicativos em sites e servi\u00e7os de terceiros, se esses aplicativos ou an\u00fancios inclu\u00edrem links para esta pol\u00edtica.<\/li>\n<\/ul>\n\n\n\n<p>Isso n\u00e3o se aplica \u00e0s informa\u00e7\u00f5es coletadas por:<\/p>\n\n\n\n<ul class=\"wp-block-list\">\n<li>n\u00f3s off-line ou por qualquer outro meio, inclusive em qualquer outro site operado pela Empresa ou por terceiros (incluindo nossas afiliadas e subsidi\u00e1rias); ou<\/li>\n\n\n\n<li>qualquer terceiro (incluindo nossas afiliadas e subsidi\u00e1rias), inclusive por meio de qualquer aplicativo ou conte\u00fado (incluindo publicidade) que possa ser vinculado ou acessado a partir do Site.<\/li>\n<\/ul>\n\n\n\n<p>Leia esta pol\u00edtica com aten\u00e7\u00e3o para entender nossas pol\u00edticas e pr\u00e1ticas relativas \u00e0s suas informa\u00e7\u00f5es e como as trataremos. Se voc\u00ea n\u00e3o concordar com nossas pol\u00edticas e pr\u00e1ticas, sua op\u00e7\u00e3o \u00e9 n\u00e3o usar nosso site. Ao acessar ou usar este site, voc\u00ea concorda com esta pol\u00edtica de privacidade. Esta pol\u00edtica pode ser alterada periodicamente. Seu uso continuado deste site depois que fizermos altera\u00e7\u00f5es ser\u00e1 considerado como aceita\u00e7\u00e3o dessas altera\u00e7\u00f5es, portanto, verifique periodicamente se h\u00e1 atualiza\u00e7\u00f5es na pol\u00edtica.<\/p>\n\n\n\n<p>Crian\u00e7as com menos de 13 anos de idade<\/p>\n\n\n\n<p>Nosso site n\u00e3o se destina a crian\u00e7as com menos de 13 anos de idade. Ningu\u00e9m com menos de 13 anos de idade pode fornecer informa\u00e7\u00f5es pessoais ao site ou no site. N\u00e3o coletamos intencionalmente informa\u00e7\u00f5es pessoais de crian\u00e7as menores de 13 anos. Se voc\u00ea tiver menos de 13 anos, n\u00e3o use nem forne\u00e7a nenhuma informa\u00e7\u00e3o neste Site ou em ou por meio de qualquer um de seus recursos\/registre-se no Site, fa\u00e7a compras pelo Site, use qualquer um dos recursos interativos ou de coment\u00e1rios p\u00fablicos deste Site ou forne\u00e7a qualquer informa\u00e7\u00e3o sobre voc\u00ea para n\u00f3s, inclusive seu nome, endere\u00e7o, n\u00famero de telefone, endere\u00e7o de e-mail ou qualquer nome de tela ou nome de usu\u00e1rio que voc\u00ea possa usar. Se soubermos que coletamos ou recebemos informa\u00e7\u00f5es pessoais de uma crian\u00e7a com menos de 13 anos sem a verifica\u00e7\u00e3o do consentimento dos pais, excluiremos essas informa\u00e7\u00f5es. Se voc\u00ea acredita que podemos ter informa\u00e7\u00f5es de ou sobre uma crian\u00e7a com menos de 13 anos, entre em contato conosco pelo link Fale conosco.<\/p>\n\n\n\n<p>Informa\u00e7\u00f5es que coletamos sobre voc\u00ea e como as coletamos<\/p>\n\n\n\n<p>Coletamos v\u00e1rios tipos de informa\u00e7\u00f5es de e sobre os usu\u00e1rios do nosso site, inclusive informa\u00e7\u00f5es:<\/p>\n\n\n\n<ul class=\"wp-block-list\">\n<li>pelas quais voc\u00ea pode ser identificado pessoalmente, como nome, endere\u00e7o postal, endere\u00e7o de e-mail, n\u00famero de telefone ou QUALQUER OUTRA INFORMA\u00c7\u00c3O QUE O SITE COLETE E QUE SEJA DEFINIDA COMO INFORMA\u00c7\u00c3O PESSOAL OU PESSOALMENTE IDENTIFIC\u00c1VEL DE ACORDO COM UMA LEI APLIC\u00c1VEL (\"informa\u00e7\u00f5es pessoais\");<\/li>\n\n\n\n<li>que seja sobre voc\u00ea, mas que n\u00e3o o identifique individualmente, e\/ou<\/li>\n\n\n\n<li>sobre sua conex\u00e3o com a Internet, o equipamento que voc\u00ea usa para acessar nosso site e detalhes de uso.<\/li>\n<\/ul>\n\n\n\n<p>Coletamos essas informa\u00e7\u00f5es:<\/p>\n\n\n\n<ul class=\"wp-block-list\">\n<li>Diretamente de voc\u00ea, quando voc\u00ea nos fornece.<\/li>\n\n\n\n<li>Automaticamente, conforme voc\u00ea navega pelo site. As informa\u00e7\u00f5es coletadas automaticamente podem incluir detalhes de uso, endere\u00e7os IP e informa\u00e7\u00f5es coletadas por meio de cookies, web beacons e outras tecnologias de rastreamento.<\/li>\n\n\n\n<li>De terceiros, por exemplo, nossos parceiros comerciais.<\/li>\n<\/ul>\n\n\n\n<p>Informa\u00e7\u00f5es que voc\u00ea nos fornece.<\/p>\n\n\n\n<p>As informa\u00e7\u00f5es que coletamos em nosso site ou por meio dele podem incluir:<\/p>\n\n\n\n<ul class=\"wp-block-list\">\n<li>Informa\u00e7\u00f5es que voc\u00ea fornece ao preencher formul\u00e1rios em nosso site. Isso inclui informa\u00e7\u00f5es fornecidas no momento do registro para usar o nosso Site, da assinatura do nosso servi\u00e7o, da publica\u00e7\u00e3o de material ou da solicita\u00e7\u00e3o de servi\u00e7os adicionais. Tamb\u00e9m podemos solicitar informa\u00e7\u00f5es quando voc\u00ea relata um problema em nosso site.<\/li>\n\n\n\n<li>Registros e c\u00f3pias de sua correspond\u00eancia (inclusive endere\u00e7os de e-mail), caso entre em contato conosco.<\/li>\n\n\n\n<li>Suas respostas a question\u00e1rios que podemos solicitar que responda para fins de pesquisa.<\/li>\n\n\n\n<li>Detalhes das transa\u00e7\u00f5es realizadas por meio de nosso Site e do atendimento de seus pedidos. Poder\u00e1 ser solicitado que voc\u00ea forne\u00e7a informa\u00e7\u00f5es financeiras antes de fazer um pedido pelo nosso Site.<\/li>\n\n\n\n<li>Suas consultas de pesquisa no site.<\/li>\n<\/ul>\n\n\n\n<p>Voc\u00ea tamb\u00e9m pode fornecer informa\u00e7\u00f5es a serem publicadas ou exibidas (doravante, \"postadas\") em \u00e1reas p\u00fablicas do Site ou transmitidas a outros usu\u00e1rios do Site ou a terceiros (coletivamente, \"Contribui\u00e7\u00f5es do usu\u00e1rio\"). Suas contribui\u00e7\u00f5es de usu\u00e1rio s\u00e3o postadas e transmitidas a terceiros por sua pr\u00f3pria conta e risco. Embora limitemos o acesso a determinadas p\u00e1ginas e voc\u00ea possa definir determinadas configura\u00e7\u00f5es de privacidade para essas informa\u00e7\u00f5es fazendo login no perfil da sua conta, saiba que nenhuma medida de seguran\u00e7a \u00e9 perfeita ou impenetr\u00e1vel. Al\u00e9m disso, n\u00e3o podemos controlar as a\u00e7\u00f5es de outros usu\u00e1rios do site com os quais voc\u00ea pode optar por compartilhar suas contribui\u00e7\u00f5es de usu\u00e1rio. Portanto, n\u00e3o podemos e n\u00e3o garantimos que as suas Contribui\u00e7\u00f5es de usu\u00e1rio n\u00e3o ser\u00e3o visualizadas por pessoas n\u00e3o autorizadas.<\/p>\n\n\n\n<p>Informa\u00e7\u00f5es que coletamos por meio de tecnologias de coleta autom\u00e1tica de dados.<\/p>\n\n\n\n<p>\u00c0 medida que voc\u00ea navega e interage com nosso site, podemos usar tecnologias de coleta autom\u00e1tica de dados para coletar determinadas informa\u00e7\u00f5es sobre seu equipamento, a\u00e7\u00f5es e padr\u00f5es de navega\u00e7\u00e3o, inclusive:<\/p>\n\n\n\n<ul class=\"wp-block-list\">\n<li>Detalhes de suas visitas ao nosso site, incluindo dados de tr\u00e1fego, dados de localiza\u00e7\u00e3o e outros dados de comunica\u00e7\u00e3o e os recursos que voc\u00ea acessa e usa no site.<\/li>\n\n\n\n<li>Informa\u00e7\u00f5es sobre seu computador e sua conex\u00e3o com a Internet, incluindo seu endere\u00e7o IP, sistema operacional e tipo de navegador.<\/li>\n<\/ul>\n\n\n\n<p>Tamb\u00e9m podemos usar essas tecnologias para coletar informa\u00e7\u00f5es sobre suas atividades on-line ao longo do tempo e em sites de terceiros ou outros servi\u00e7os on-line (rastreamento comportamental). As informa\u00e7\u00f5es que coletamos automaticamente s\u00e3o dados estat\u00edsticos e n\u00e3o incluem informa\u00e7\u00f5es pessoais, mas podemos mant\u00ea-las ou associ\u00e1-las a informa\u00e7\u00f5es pessoais que coletamos de outras formas ou que recebemos de terceiros. Elas nos ajudam a aprimorar nosso site e a oferecer um servi\u00e7o melhor e mais personalizado, inclusive permitindo-nos:<\/p>\n\n\n\n<ul class=\"wp-block-list\">\n<li>Estimar o tamanho do nosso p\u00fablico e os padr\u00f5es de uso.<\/li>\n\n\n\n<li>Armazenar informa\u00e7\u00f5es sobre suas prefer\u00eancias, o que nos permite personalizar nosso site de acordo com seus interesses individuais.<\/li>\n\n\n\n<li>Acelere suas pesquisas.<\/li>\n\n\n\n<li>Reconhecer voc\u00ea quando retornar ao nosso site.<\/li>\n<\/ul>\n\n\n\n<p>As tecnologias que usamos para essa coleta autom\u00e1tica de dados podem incluir:<\/p>\n\n\n\n<ul class=\"wp-block-list\">\n<li>Cookies (ou cookies do navegador). Um cookie \u00e9 um pequeno arquivo colocado no disco r\u00edgido de seu computador. Voc\u00ea pode se recusar a aceitar cookies do navegador ativando a configura\u00e7\u00e3o apropriada no seu navegador. Entretanto, se selecionar essa configura\u00e7\u00e3o, talvez n\u00e3o consiga acessar determinadas partes do nosso site. A menos que voc\u00ea tenha ajustado a configura\u00e7\u00e3o do seu navegador para recusar cookies, nosso sistema emitir\u00e1 cookies quando voc\u00ea direcionar o navegador para o nosso site.<\/li>\n\n\n\n<li>Flash Cookies. Certos recursos do nosso Site podem usar objetos armazenados localmente (ou Flash cookies) para coletar e armazenar informa\u00e7\u00f5es sobre suas prefer\u00eancias e sua navega\u00e7\u00e3o para, de e em nosso Site. Os Flash cookies n\u00e3o s\u00e3o gerenciados pelas mesmas configura\u00e7\u00f5es de navegador usadas para cookies de navegador.<\/li>\n\n\n\n<li>Web Beacons. As p\u00e1ginas do nosso site podem conter pequenos arquivos eletr\u00f4nicos conhecidos como web beacons (tamb\u00e9m chamados de clear gifs, pixel tags e single-pixel gifs) que permitem \u00e0 Empresa, por exemplo, contar os usu\u00e1rios que visitaram essas p\u00e1ginas ou abriram um e-mail e para outras estat\u00edsticas relacionadas ao site (por exemplo, registrar a popularidade de determinado conte\u00fado do site e verificar a integridade do sistema e do servidor).<\/li>\n<\/ul>\n\n\n\n<p>N\u00e3o coletamos informa\u00e7\u00f5es pessoais automaticamente, mas podemos vincular essas informa\u00e7\u00f5es a informa\u00e7\u00f5es pessoais sobre voc\u00ea que coletamos de outras fontes ou que voc\u00ea nos fornece.<\/p>\n\n\n\n<p>Uso de cookies e outras tecnologias de rastreamento por terceiros.<\/p>\n\n\n\n<p>Alguns conte\u00fados ou aplicativos, inclusive an\u00fancios, no Site s\u00e3o fornecidos por terceiros, inclusive anunciantes, redes e servidores de an\u00fancios, provedores de conte\u00fado e provedores de aplicativos. Esses terceiros podem usar cookies isoladamente ou em conjunto com web beacons ou outras tecnologias de rastreamento para coletar informa\u00e7\u00f5es sobre voc\u00ea quando voc\u00ea usa nosso site. As informa\u00e7\u00f5es que eles coletam podem estar associadas \u00e0s suas informa\u00e7\u00f5es pessoais ou podem coletar informa\u00e7\u00f5es, inclusive informa\u00e7\u00f5es pessoais, sobre suas atividades on-line ao longo do tempo e em diferentes sites e outros servi\u00e7os on-line. Eles podem usar essas informa\u00e7\u00f5es para fornecer a voc\u00ea publicidade baseada em interesses (comportamental) ou outro conte\u00fado direcionado.<\/p>\n\n\n\n<p>N\u00e3o controlamos as tecnologias de rastreamento desses terceiros ou como elas podem ser usadas. Se tiver alguma d\u00favida sobre um an\u00fancio ou outro conte\u00fado direcionado, entre em contato diretamente com o provedor respons\u00e1vel.<\/p>\n\n\n\n<p>Como usamos suas informa\u00e7\u00f5es<\/p>\n\n\n\n<p>Usamos as informa\u00e7\u00f5es que coletamos sobre voc\u00ea ou que voc\u00ea nos fornece, inclusive qualquer informa\u00e7\u00e3o pessoal:<\/p>\n\n\n\n<ul class=\"wp-block-list\">\n<li>Para apresentar nosso site e seu conte\u00fado a voc\u00ea.<\/li>\n\n\n\n<li>Para fornecer informa\u00e7\u00f5es, produtos ou servi\u00e7os solicitados por voc\u00ea.<\/li>\n\n\n\n<li>Para lhe fornecer informa\u00e7\u00f5es sobre nossos servi\u00e7os<\/li>\n\n\n\n<li>Para lhe fornecer avisos sobre sua conta\/assinatura, inclusive avisos de expira\u00e7\u00e3o e renova\u00e7\u00e3o.<\/li>\n\n\n\n<li>Para cumprir nossas obriga\u00e7\u00f5es e fazer valer nossos direitos decorrentes de quaisquer contratos firmados entre voc\u00ea e n\u00f3s, inclusive para faturamento e cobran\u00e7a.<\/li>\n\n\n\n<li>Para notific\u00e1-lo sobre altera\u00e7\u00f5es em nosso site ou em quaisquer produtos ou servi\u00e7os que oferecemos ou fornecemos por meio dele.<\/li>\n\n\n\n<li>Para permitir que voc\u00ea participe de recursos interativos em nosso site.<\/li>\n\n\n\n<li>De qualquer outra forma que possamos descrever quando voc\u00ea fornecer as informa\u00e7\u00f5es.<\/li>\n\n\n\n<li>Para atender a qualquer finalidade para a qual voc\u00ea os forneceu.<\/li>\n\n\n\n<li>Para qualquer outra finalidade com seu consentimento.<\/li>\n<\/ul>\n\n\n\n<p>Podemos usar as informa\u00e7\u00f5es que coletamos sobre voc\u00ea para exibir an\u00fancios para os p\u00fablicos-alvo de nossos anunciantes. Embora n\u00e3o divulguemos suas informa\u00e7\u00f5es pessoais para esses fins sem o seu consentimento, se voc\u00ea clicar ou interagir de outra forma com um an\u00fancio, o anunciante poder\u00e1 presumir que voc\u00ea atende aos crit\u00e9rios de segmenta\u00e7\u00e3o.<\/p>\n\n\n\n<p>Divulga\u00e7\u00e3o de suas informa\u00e7\u00f5es<\/p>\n\n\n\n<p>Podemos divulgar informa\u00e7\u00f5es agregadas sobre nossos usu\u00e1rios e informa\u00e7\u00f5es que n\u00e3o identifiquem nenhum indiv\u00edduo, sem restri\u00e7\u00f5es.<\/p>\n\n\n\n<p>Podemos divulgar informa\u00e7\u00f5es pessoais que coletamos ou que voc\u00ea fornece, conforme descrito nesta pol\u00edtica de privacidade:<\/p>\n\n\n\n<ul class=\"wp-block-list\">\n<li>Para nossas subsidi\u00e1rias e afiliadas.<\/li>\n\n\n\n<li>Para contratados, prestadores de servi\u00e7os e outros terceiros que usamos para dar suporte aos nossos neg\u00f3cios e que est\u00e3o vinculados a obriga\u00e7\u00f5es contratuais para manter a confidencialidade das informa\u00e7\u00f5es pessoais e us\u00e1-las somente para os fins para os quais as divulgamos a eles.<\/li>\n\n\n\n<li>Para um comprador ou outro sucessor em caso de fus\u00e3o, aliena\u00e7\u00e3o, reestrutura\u00e7\u00e3o, reorganiza\u00e7\u00e3o, dissolu\u00e7\u00e3o ou outra venda ou transfer\u00eancia de alguns ou de todos os ativos da Empresa, seja como uma empresa em funcionamento ou como parte de um processo de fal\u00eancia, liquida\u00e7\u00e3o ou similar, no qual as informa\u00e7\u00f5es pessoais mantidas pela Empresa sobre os usu\u00e1rios do nosso site estejam entre os ativos transferidos.<\/li>\n\n\n\n<li>A terceiros para comercializar seus produtos ou servi\u00e7os para voc\u00ea, caso voc\u00ea tenha consentido com essas divulga\u00e7\u00f5es. Exigimos contratualmente que esses terceiros mantenham as informa\u00e7\u00f5es pessoais confidenciais e as utilizem somente para os fins para os quais as divulgamos a eles.<\/li>\n\n\n\n<li>Para cumprir a finalidade para a qual voc\u00ea o forneceu. Por exemplo, se voc\u00ea nos fornecer um endere\u00e7o de e-mail para usar o recurso \"enviar e-mail a um amigo\" de nosso site, transmitiremos o conte\u00fado desse e-mail e seu endere\u00e7o de e-mail aos destinat\u00e1rios.<\/li>\n\n\n\n<li>Para qualquer outra finalidade divulgada por n\u00f3s quando voc\u00ea fornecer as informa\u00e7\u00f5es.<\/li>\n\n\n\n<li>Com seu consentimento.<\/li>\n<\/ul>\n\n\n\n<p>Tamb\u00e9m podemos divulgar suas informa\u00e7\u00f5es pessoais:<\/p>\n\n\n\n<ul class=\"wp-block-list\">\n<li>Para cumprir qualquer ordem judicial, lei ou processo legal, inclusive para responder a qualquer solicita\u00e7\u00e3o governamental ou regulat\u00f3ria.<\/li>\n\n\n\n<li>Para fazer cumprir ou aplicar nossos termos de uso e outros contratos, inclusive para fins de faturamento e cobran\u00e7a.<\/li>\n\n\n\n<li>Se acreditarmos que a divulga\u00e7\u00e3o \u00e9 necess\u00e1ria ou apropriada para proteger os direitos, a propriedade ou a seguran\u00e7a da Empresa, de nossos clientes ou de outros. Isso inclui a troca de informa\u00e7\u00f5es com outras empresas e organiza\u00e7\u00f5es para fins de prote\u00e7\u00e3o contra fraudes e redu\u00e7\u00e3o do risco de cr\u00e9dito.<\/li>\n<\/ul>\n\n\n\n<p>Op\u00e7\u00f5es sobre como usamos e divulgamos suas informa\u00e7\u00f5es<\/p>\n\n\n\n<p>N\u00f3s nos esfor\u00e7amos para oferecer a voc\u00ea op\u00e7\u00f5es com rela\u00e7\u00e3o \u00e0s informa\u00e7\u00f5es pessoais que nos fornece. Criamos mecanismos para lhe proporcionar o seguinte controle sobre suas informa\u00e7\u00f5es:<\/p>\n\n\n\n<ul class=\"wp-block-list\">\n<li>Tecnologias de rastreamento e publicidade. Voc\u00ea pode configurar seu navegador para recusar todos ou alguns cookies do navegador ou para alert\u00e1-lo quando os cookies estiverem sendo enviados. Para saber como gerenciar suas configura\u00e7\u00f5es de cookies do Flash, visite a p\u00e1gina de configura\u00e7\u00f5es do Flash Player no site da Adobe. Se voc\u00ea desativar ou recusar cookies, observe que algumas partes deste site poder\u00e3o ficar inacess\u00edveis ou n\u00e3o funcionar corretamente.<\/li>\n\n\n\n<li>N\u00e3o controlamos a coleta ou o uso de suas informa\u00e7\u00f5es por terceiros para veicular publicidade com base em interesses. No entanto, esses terceiros podem lhe oferecer maneiras de optar por n\u00e3o ter suas informa\u00e7\u00f5es coletadas ou usadas dessa forma. Voc\u00ea pode optar por n\u00e3o receber an\u00fancios direcionados de membros da Network Advertising Initiative (\"NAI\") no site da NAI.<\/li>\n<\/ul>\n\n\n\n<p>Acesso e corre\u00e7\u00e3o de suas informa\u00e7\u00f5es<\/p>\n\n\n\n<p>Voc\u00ea pode nos enviar um e-mail por meio do nosso link de contato para solicitar acesso, corrigir ou excluir qualquer informa\u00e7\u00e3o pessoal que nos tenha fornecido. N\u00e3o podemos excluir suas informa\u00e7\u00f5es pessoais, exceto se tamb\u00e9m excluirmos sua conta de usu\u00e1rio. N\u00e3o poderemos atender a uma solicita\u00e7\u00e3o de altera\u00e7\u00e3o de informa\u00e7\u00f5es se acreditarmos que a altera\u00e7\u00e3o violaria alguma lei ou requisito legal ou faria com que as informa\u00e7\u00f5es ficassem incorretas.<\/p>\n\n\n\n<p>Se voc\u00ea excluir suas Contribui\u00e7\u00f5es de Usu\u00e1rio do Site, as c\u00f3pias das Contribui\u00e7\u00f5es de Usu\u00e1rio poder\u00e3o permanecer vis\u00edveis em p\u00e1ginas em cache e arquivadas, ou poder\u00e3o ter sido copiadas ou armazenadas por outros usu\u00e1rios do Site. O acesso e o uso adequados das informa\u00e7\u00f5es fornecidas no Site, incluindo as Contribui\u00e7\u00f5es do Usu\u00e1rio, s\u00e3o regidos pelos nossos termos de uso.<\/p>\n\n\n\n<p>Seus direitos de privacidade na Calif\u00f3rnia<\/p>\n\n\n\n<p>A Se\u00e7\u00e3o \u00a7 1798.83 do C\u00f3digo Civil da Calif\u00f3rnia permite que os usu\u00e1rios do nosso site residentes na Calif\u00f3rnia solicitem determinadas informa\u00e7\u00f5es sobre a divulga\u00e7\u00e3o de informa\u00e7\u00f5es pessoais a terceiros para fins de marketing direto. Para fazer essa solicita\u00e7\u00e3o, entre em contato conosco por meio do link Fale conosco.<\/p>\n\n\n\n<p>Seguran\u00e7a de dados<\/p>\n\n\n\n<p>Implementamos medidas destinadas a proteger suas informa\u00e7\u00f5es pessoais contra perda acidental e contra acesso, uso, altera\u00e7\u00e3o e divulga\u00e7\u00e3o n\u00e3o autorizados<\/p>\n\n\n\n<p>A seguran\u00e7a e a prote\u00e7\u00e3o de suas informa\u00e7\u00f5es tamb\u00e9m dependem de voc\u00ea. Quando lhe fornecemos (ou quando voc\u00ea escolheu) uma senha para acesso a determinadas partes do nosso site, voc\u00ea \u00e9 respons\u00e1vel por manter essa senha confidencial. Pedimos que n\u00e3o compartilhe sua senha com ningu\u00e9m.<\/p>\n\n\n\n<p>Infelizmente, a transmiss\u00e3o de informa\u00e7\u00f5es pela Internet n\u00e3o \u00e9 totalmente segura. Embora fa\u00e7amos o poss\u00edvel para proteger suas informa\u00e7\u00f5es pessoais, n\u00e3o podemos garantir a seguran\u00e7a de suas informa\u00e7\u00f5es pessoais transmitidas ao nosso site. Qualquer transmiss\u00e3o de informa\u00e7\u00f5es pessoais \u00e9 feita por sua pr\u00f3pria conta e risco. N\u00e3o nos responsabilizamos pela evas\u00e3o de quaisquer configura\u00e7\u00f5es de privacidade ou medidas de seguran\u00e7a contidas no Site.<\/p>\n\n\n\n<p>Altera\u00e7\u00f5es em nossa pol\u00edtica de privacidade<\/p>\n\n\n\n<p>\u00c9 nossa pol\u00edtica publicar nesta p\u00e1gina todas as altera\u00e7\u00f5es que fizermos em nossa pol\u00edtica de privacidade. Se fizermos altera\u00e7\u00f5es significativas na forma como tratamos as informa\u00e7\u00f5es pessoais de nossos usu\u00e1rios, n\u00f3s o notificaremos por e-mail para o endere\u00e7o de e-mail especificado em sua conta e\/ou por meio de um aviso na p\u00e1gina inicial do site. A data da \u00faltima revis\u00e3o da pol\u00edtica de privacidade est\u00e1 identificada na parte superior da p\u00e1gina. O usu\u00e1rio \u00e9 respons\u00e1vel por garantir que tenhamos um endere\u00e7o de e-mail atualizado, ativo e que possa ser entregue, e por visitar periodicamente nosso site e esta pol\u00edtica de privacidade para verificar quaisquer altera\u00e7\u00f5es.<\/p>\n\n\n\n<p>Informa\u00e7\u00f5es de contato<\/p>\n\n\n\n<p>Para fazer perguntas ou coment\u00e1rios sobre esta pol\u00edtica de privacidade e nossas pr\u00e1ticas de privacidade, entre em contato por meio de\u00a0<a href=\"https:\/\/extractech.in\/pt\/\" data-type=\"page\" data-id=\"293\">Entre em contato conosco<\/a>\u00a0link.<\/p>\n\n\n\n<p>Obrigado por visitar o site.<\/p>\n\n\n\n<p><\/p>","protected":false},"excerpt":{"rendered":"<p>Last Updated on 6\/28\/2025. This privacy policy is effective immediately. Introduction Our website address is: https:\/\/extractech.in. At Extrac Tech (the &#8220;Company&#8221; or &#8220;We&#8221;), we respect your privacy and are committed to protecting it through our compliance with this policy. This policy describes the types of information we may collect from you or that you may [&hellip;]<\/p>","protected":false},"author":1,"featured_media":0,"parent":0,"menu_order":0,"comment_status":"closed","ping_status":"open","template":"","meta":{"footnotes":""},"class_list":["post-3","page","type-page","status-publish","hentry"],"_links":{"self":[{"href":"https:\/\/extractech.in\/pt\/wp-json\/wp\/v2\/pages\/3","targetHints":{"allow":["GET"]}}],"collection":[{"href":"https:\/\/extractech.in\/pt\/wp-json\/wp\/v2\/pages"}],"about":[{"href":"https:\/\/extractech.in\/pt\/wp-json\/wp\/v2\/types\/page"}],"author":[{"embeddable":true,"href":"https:\/\/extractech.in\/pt\/wp-json\/wp\/v2\/users\/1"}],"replies":[{"embeddable":true,"href":"https:\/\/extractech.in\/pt\/wp-json\/wp\/v2\/comments?post=3"}],"version-history":[{"count":0,"href":"https:\/\/extractech.in\/pt\/wp-json\/wp\/v2\/pages\/3\/revisions"}],"wp:attachment":[{"href":"https:\/\/extractech.in\/pt\/wp-json\/wp\/v2\/media?parent=3"}],"curies":[{"name":"wp","href":"https:\/\/api.w.org\/{rel}","templated":true}]}}